{"id":40,"date":"2018-09-07T10:47:37","date_gmt":"2018-09-07T10:47:37","guid":{"rendered":"https:\/\/burdack-maerkte.de\/wordpress\/?page_id=40"},"modified":"2026-03-15T22:45:29","modified_gmt":"2026-03-15T22:45:29","slug":"preise","status":"publish","type":"page","link":"https:\/\/burdack-maerkte.de\/?page_id=40","title":{"rendered":"Preise"},"content":{"rendered":"<table border=\"0\" width=\"473\" cellspacing=\"0\" cellpadding=\"10\" align=\"center\">\n<tbody>\n<tr>\n<td colspan=\"3\">\n<p id=\"rundrum2\"><strong>Preise (nur inkl. \u00fcberdachter St\u00e4nde) &#8211; <span style=\"color: #ff0000;\">Hauptsaison 06.04. bis 08.11.2026<\/span><\/strong><\/p>\n<\/td>\n<\/tr>\n<tr>\n<td colspan=\"3\" valign=\"top\"><span style=\"color: ff0000;\"><b>Reservierungen erfordern Vorkasse!<\/b><\/span> Unsere Standmiete richtet sich nach dem Tag, der Standgr\u00f6\u00dfe, der Jahreszeit, den Zusatzleistungen und dem Sortiment, welches Sie anbieten m\u00f6chten.Beim Verkauf eines bestimmten unten aufgef\u00fchrten Sortimentes** (Kleidung) haben wir einen bestimmten Bereich auf dem Markt.Wir stellen samstags einen Sozialstand*\u00b2 zur Verf\u00fcgung. Freie Termine kl\u00e4ren Sie bitte telefonisch ab.<\/td>\n<\/tr>\n<tr>\n<td class=\"blau\" colspan=\"3\"><strong>Sortiment<\/strong><\/td>\n<\/tr>\n<tr>\n<td valign=\"top\" width=\"150\"><strong>Kategorie A:<\/strong><br \/>\n(auf F\u00f6rderanfrage)<\/td>\n<td><\/td>\n<td width=\"350\">Antik, Kunst, Porzellan, Besteck, B\u00fccher, Bilder<\/td>\n<\/tr>\n<tr>\n<td valign=\"top\" width=\"150\"><strong>Kategorie B: <\/strong><\/td>\n<td><\/td>\n<td>Tr\u00f6del (ohne Kleidung), Hausrat, Werkzeug, Tontr\u00e4ger, M\u00f6bel<\/td>\n<\/tr>\n<tr>\n<td valign=\"top\" width=\"150\"><strong>Kategorie C:<\/strong><\/td>\n<td><\/td>\n<td>Kleidung** und Accessoires, Uhren, Schmuck, Handtaschen, Schuhe, Brillen, Halst\u00fccher, Handschuhe<\/td>\n<\/tr>\n<\/tbody>\n<\/table>\n<table border=\"0\" width=\"473\" cellspacing=\"0\" cellpadding=\"10\" align=\"center\">\n<tbody>\n<tr>\n<td width=\"300\"><\/td>\n<td colspan=\"2\" align=\"center\"><strong>Standgr\u00f6\u00dfe<\/strong><\/td>\n<\/tr>\n<tr>\n<td><\/td>\n<td><strong>3,00m-Stand<\/strong><\/td>\n<td><strong>1,50m-Stand<\/strong><\/td>\n<\/tr>\n<tr>\n<td class=\"blau\" colspan=\"3\"><strong>Samstag<\/strong><\/td>\n<\/tr>\n<tr>\n<td valign=\"top\" width=\"313\"><strong>Kategorie A:<\/strong> (z.B. Antikmeile, Kunstmeile)<\/td>\n<td align=\"center\" valign=\"top\"><\/td>\n<td align=\"center\" valign=\"top\"><\/td>\n<\/tr>\n<tr>\n<td valign=\"top\" width=\"313\"><strong>Kategorie AB:<\/strong> (z.B. Tr\u00f6delkarree)<\/td>\n<td align=\"center\" valign=\"top\"><b>\u20ac35,-<\/b><\/td>\n<td align=\"center\" valign=\"top\"><b>\u20ac25,-<\/b><\/td>\n<\/tr>\n<tr>\n<td valign=\"top\" width=\"313\"><strong>Kategorie ABC:<\/strong> (z.B. Kleidergasse)<\/td>\n<td align=\"center\" valign=\"top\"><b>\u20ac40,-<\/b><\/td>\n<td align=\"center\" valign=\"top\"><b>\u20ac30,-<\/b><\/td>\n<\/tr>\n<tr>\n<td class=\"blau\" colspan=\"3\"><strong>Sonntag<\/strong><\/td>\n<\/tr>\n<tr>\n<td valign=\"top\" width=\"313\"><strong>Kategorie A:<\/strong> (z.B. Antikmeile, Kunstmeile)<\/td>\n<td align=\"center\" valign=\"top\"><\/td>\n<td align=\"center\" valign=\"top\"><\/td>\n<\/tr>\n<tr>\n<td valign=\"top\" width=\"313\"><strong>Kategorie AB:<\/strong> (z.B. Tr\u00f6delkarree)<\/td>\n<td align=\"center\" valign=\"top\"><b>\u20ac50,- \u00a0<\/b>(\u20ac45,-)*<\/td>\n<td align=\"center\" valign=\"top\"><b>\u20ac35,-<\/b> (\u20ac30,-)*<\/td>\n<\/tr>\n<tr>\n<td valign=\"top\" width=\"313\"><strong>Kategorie ABC:<\/strong> (z.B. Kleidergasse)<\/td>\n<td align=\"center\" valign=\"top\"><b>\u20ac70,-<\/b> (\u20ac60,-)*<\/td>\n<td align=\"center\" valign=\"top\"><b>\u20ac50,-<\/b> (\u20ac40,-)*<\/td>\n<\/tr>\n<tr>\n<td colspan=\"4\"><strong><span style=\"color: #ff0000;\">* Nebensaison bis 29.03.2026 und ab 09.11.2026<\/span><\/strong><\/td>\n<\/tr>\n<tr>\n<td colspan=\"4\" valign=\"top\">** Kleidungsst\u00fccke d\u00fcrfen nur in der Kleidergasse angeboten werden. Sie haben in der Kleidergasse die M\u00f6glichkeit <u>innerhalb<\/u> des Standes einen eigenen Kleiderst\u00e4nder zu nutzen und den gesamten Stand mit Kleidung zu beh\u00e4ngen.<br \/>\nIm Tr\u00f6delkarree ist der Verkauf von Kleidung untersagt.*\u00b2 Den Sozialstand stellen wir sozialen Zwecken zur Verf\u00fcgung.<br \/>\nDer sozialgesellschaftliche Aspekt muss nachgewiesen werden. Der Verkauf von Kleidung ist unerw\u00fcnscht. F\u00fcr die Bereitstellung des Marktstandes, wird ein Betrag in H\u00f6he von \u20ac10,- f\u00e4llig. Dieser muss vorab geleistet werden.Die Differenz zum regul\u00e4ren Standpreis \u00fcbernehmen wir.<\/td>\n<\/tr>\n<tr>\n<td colspan=\"4\">\n<p id=\"rundrum2\">\n<\/td>\n<\/tr>\n<tr>\n<td colspan=\"4\">\n<p id=\"rundrum2\"><strong>Zus\u00e4tzliche Leistungen<\/strong><\/p>\n<\/td>\n<\/tr>\n<tr>\n<td colspan=\"4\" valign=\"top\">Eine von uns innerhalb des Standes gestellte 1,50m Platte \u20ac5,- und eine 3m Platte \u20ac10,-.<br \/>\nDie Hauptplatte drehen bzw. umstellen: \u20ac5,-Die Verkaufsfl\u00e4che ist die \u00fcberdachte Leihstandfl\u00e4che. Ein Tapeziertisch kann<br \/>\nkostenfrei unter die Verkaufsfl\u00e4che gestellt werden.Die Verkaufsh\u00f6he betr\u00e4gt die Leihstandh\u00f6he (ca. 0,80m). Der Verkauf vom Boden oder Kisten ist nicht gestattet. Nutzen Sie Fl\u00e4che au\u00dferhalb des Standes, entstehen pro laufenden Meter \u20ac10,- zus\u00e4tzlich.<\/td>\n<\/tr>\n<\/tbody>\n<\/table>\n<table border=\"0\" width=\"473\" cellspacing=\"0\" cellpadding=\"10\" align=\"center\">\n<tbody>\n<tr>\n<td colspan=\"4\">\n<p id=\"rundrum2\"><strong>Bankverbindung: <\/strong><\/p>\n<\/td>\n<\/tr>\n<tr>\n<td colspan=\"4\" valign=\"top\">\u00dcberweisung \/ SEPA:<strong>Burdack Maerkte eK<\/strong><br \/>\n<strong>TargoBank<\/strong><br \/>\n<strong><strong>IBAN:<strong> DE92 3002 0900 5360 6463 83<\/strong><\/strong><\/strong><\/p>\n<p><strong>Verwendungszweck: <\/strong>Schreiben Sie in den Verwendungszweck Ihren vollst\u00e4ndigen <b>Namen<\/b> und das <b>Datum<\/b>, an dem Sie erfolgreich gebucht haben.Bei Fragen oder Problemen stehen wir Ihnen gerne im B\u00fcro unter<br \/>\n<strong><a dir=\"ltr\" href=\"tel:030\/%2024%2035%2085%2010\">030\/ 24 35 85 10<\/a><\/strong> zur Verf\u00fcgung.<\/td>\n<\/tr>\n<\/tbody>\n<\/table>\n<table border=\"0\" width=\"473\" cellspacing=\"0\" cellpadding=\"10\" align=\"center\">\n<tbody>\n<tr>\n<td colspan=\"4\">\n<p id=\"rundrum2\"><strong>Freie Pl\u00e4tze<\/strong><\/p>\n<\/td>\n<\/tr>\n<tr>\n<td valign=\"top\">Der Kunst- &amp; Tr\u00f6delmarkt Fehrbelliner Platz ist \u00fcber die Stadtgrenzen Berlins hinaus bekannt. Buchen Sie deshalb fr\u00fchzeitig Ihren Stand.Wir bauen unsere St\u00e4nde nur auf vorherige Bestellung in den unterschiedlichen Kategorien auf. Wir k\u00f6nnen nicht vorhersehen, ob und welche St\u00e4nde frei bleiben. Gerne k\u00f6nnen Sie auch am Veranstaltungstag ohne vorherige Anmeldung auf &#8222;Gut Gl\u00fcck&#8220; erscheinen und ein wenig Zeit mitbringen.<br \/>\nSt\u00e4nde mit Sortiment A und B sind am Ehesten zu bekommen. St\u00e4nde mit dem Sortiment C (Bekleidung, Taschen, Schuhe, Schmuck,..) eher unwahrscheinlich.<br \/>\nSie haben bei uns <u>nicht<\/u> vorbestellt und m\u00f6chten einen frei gebliebenen Stand belegen, so staffelt sich der Preis wie folgt:<\/p>\n<ul>\n<li>ab 08.00 Uhr &#8211; Normalpreis<\/li>\n<li>ab 10.00 Uhr &#8211; \u20ac10,- Erm\u00e4\u00dfigung gegen\u00fcber dem Normalpreis<\/li>\n<li>ab 12.00 Uhr &#8211; 1\/2 Normalpreis<\/li>\n<\/ul>\n<p>Sie haben bei uns einen Stand gebucht und Ihr Nachbarstand ist frei geblieben, so bekommen Sie den Stand ab 10.00 Uhr f\u00fcr zus\u00e4tzlich \u20ac15,-.<\/td>\n<\/tr>\n<\/tbody>\n<\/table>\n<p><span style=\"font-size: xx-small;\">Preise g\u00fcltig seit 01.01.2016, \u00c4nderung zum 01.09.2025.<\/span><\/p>\n","protected":false},"excerpt":{"rendered":"<p>Preise (nur inkl. \u00fcberdachter St\u00e4nde) &#8211; Hauptsaison 06.04. bis 08.11.2026 Reservierungen erfordern Vorkasse! Unsere Standmiete richtet sich nach dem Tag, der Standgr\u00f6\u00dfe, der Jahreszeit, den Zusatzleistungen und dem Sortiment, welches Sie anbieten m\u00f6chten.Beim Verkauf eines bestimmten unten aufgef\u00fchrten Sortimentes** (Kleidung) &hellip; <a href=\"https:\/\/burdack-maerkte.de\/?page_id=40\">Weiterlesen <span class=\"meta-nav\">&rarr;<\/span><\/a><\/p>\n","protected":false},"author":1,"featured_media":0,"parent":0,"menu_order":0,"comment_status":"closed","ping_status":"closed","template":"","meta":{"footnotes":""},"class_list":["post-40","page","type-page","status-publish","hentry"],"_links":{"self":[{"href":"https:\/\/burdack-maerkte.de\/index.php?rest_route=\/wp\/v2\/pages\/40","targetHints":{"allow":["GET"]}}],"collection":[{"href":"https:\/\/burdack-maerkte.de\/index.php?rest_route=\/wp\/v2\/pages"}],"about":[{"href":"https:\/\/burdack-maerkte.de\/index.php?rest_route=\/wp\/v2\/types\/page"}],"author":[{"embeddable":true,"href":"https:\/\/burdack-maerkte.de\/index.php?rest_route=\/wp\/v2\/users\/1"}],"replies":[{"embeddable":true,"href":"https:\/\/burdack-maerkte.de\/index.php?rest_route=%2Fwp%2Fv2%2Fcomments&post=40"}],"version-history":[{"count":35,"href":"https:\/\/burdack-maerkte.de\/index.php?rest_route=\/wp\/v2\/pages\/40\/revisions"}],"predecessor-version":[{"id":910,"href":"https:\/\/burdack-maerkte.de\/index.php?rest_route=\/wp\/v2\/pages\/40\/revisions\/910"}],"wp:attachment":[{"href":"https:\/\/burdack-maerkte.de\/index.php?rest_route=%2Fwp%2Fv2%2Fmedia&parent=40"}],"curies":[{"name":"wp","href":"https:\/\/api.w.org\/{rel}","templated":true}]}}