{"id":39,"date":"2018-09-07T10:47:37","date_gmt":"2018-09-07T10:47:37","guid":{"rendered":"https:\/\/burdack-maerkte.de\/wordpress\/?page_id=39"},"modified":"2024-03-02T09:34:28","modified_gmt":"2024-03-02T09:34:28","slug":"reservierung","status":"publish","type":"page","link":"https:\/\/burdack-maerkte.de\/?page_id=39","title":{"rendered":"Reservierung"},"content":{"rendered":"\n<h2 class=\"wp-block-heading\">Bevor Sie bestellen&#8230;<\/h2>\n\n\n\n<p>Lesen Sie bitte aufmerksam die <a href=\"https:\/\/burdack-maerkte.de\/?page_id=42\">Marktordnung<\/a> und die <a href=\"https:\/\/burdack-maerkte.de\/?page_id=101\">AGBs<\/a>. Wir sind kein Wochen- oder Neuwarenmarkt, dass hei\u00dft: Der Verkauf von Neuwaren, Konkurswaren, Restposten, Lebensmitteln, Pflanzen, Nazidevotionalien, usw. ist nicht gestattet, noch erw\u00fcnscht. Die Verkaufsh\u00f6he betr\u00e4gt die Leihstandh\u00f6he (ca. 0,80m). Der Verkauf vom Boden ist nicht gestattet. Nutzen Sie stattdessen zus\u00e4tzlich, zu dem von uns gestellten Stand, einen eigenen Tapeziertisch und vergr\u00f6\u00dferen somit Ihre Verkaufsfl\u00e4che. Falls Sie keinen Tapeziertisch zur Hand haben und der standm\u00e4\u00dfige Platz nicht ausreicht, helfen wir Ihnen gerne f\u00fcr \u20ac3,- bzw. \u20ac5,- mit einer weiteren 1,00m oder 1,50m bzw. 3,00m-Platte aus. Beim Verkauf von Kleidung oder Schmuck buchen Sie automatisch die Kategorie ABC. Der Verkauf von Kleidung ist nur dem Kleidereck vorbehalten. Teilen Sie bitte bei der Bestellung mit, welches Sortiment Sie anbieten m\u00f6chten: <strong>Kunst, Tr\u00f6del, Kleidung oder Antiquit\u00e4ten<\/strong> Bestellen Sie nun <a href=\"https:\/\/burdack-maerkte.de\/?page_id=23\">online<\/a> oder <a href=\"https:\/\/burdack-maerkte.de\/?page_id=20\">telefonisch<\/a>.<\/p>\n\n\n\n<p><\/p>\n\n\n\n<h2 class=\"wp-block-heading\">Lageplan<\/h2>\n\n\n\n<figure class=\"wp-block-image size-full\"><img loading=\"lazy\" decoding=\"async\" width=\"682\" height=\"489\" src=\"https:\/\/burdack-maerkte.de\/wp-content\/uploads\/2023\/09\/Fehrbi_Plan_Feuer_2023_Kleidergasse_Hinweis.jpg\" alt=\"\" class=\"wp-image-650\" srcset=\"https:\/\/burdack-maerkte.de\/wp-content\/uploads\/2023\/09\/Fehrbi_Plan_Feuer_2023_Kleidergasse_Hinweis.jpg 682w, https:\/\/burdack-maerkte.de\/wp-content\/uploads\/2023\/09\/Fehrbi_Plan_Feuer_2023_Kleidergasse_Hinweis-300x215.jpg 300w\" sizes=\"auto, (max-width: 682px) 100vw, 682px\" \/><\/figure>\n\n\n\n<h2 class=\"wp-block-heading\">zus\u00e4tzlicher Lageplan (27.04.2024 &#8211; 11.11.2024)<\/h2>\n\n\n\n<figure class=\"wp-block-image size-full\"><img loading=\"lazy\" decoding=\"async\" width=\"1008\" height=\"770\" src=\"https:\/\/burdack-maerkte.de\/wp-content\/uploads\/2023\/04\/lageplan_hinweis.jpg\" alt=\"\" class=\"wp-image-617\" srcset=\"https:\/\/burdack-maerkte.de\/wp-content\/uploads\/2023\/04\/lageplan_hinweis.jpg 1008w, https:\/\/burdack-maerkte.de\/wp-content\/uploads\/2023\/04\/lageplan_hinweis-300x229.jpg 300w, https:\/\/burdack-maerkte.de\/wp-content\/uploads\/2023\/04\/lageplan_hinweis-768x587.jpg 768w\" sizes=\"auto, (max-width: 1008px) 100vw, 1008px\" \/><\/figure>\n","protected":false},"excerpt":{"rendered":"<p>Bevor Sie bestellen&#8230; Lesen Sie bitte aufmerksam die Marktordnung und die AGBs. Wir sind kein Wochen- oder Neuwarenmarkt, dass hei\u00dft: Der Verkauf von Neuwaren, Konkurswaren, Restposten, Lebensmitteln, Pflanzen, Nazidevotionalien, usw. ist nicht gestattet, noch erw\u00fcnscht. Die Verkaufsh\u00f6he betr\u00e4gt die Leihstandh\u00f6he &hellip; <a href=\"https:\/\/burdack-maerkte.de\/?page_id=39\">Weiterlesen <span class=\"meta-nav\">&rarr;<\/span><\/a><\/p>\n","protected":false},"author":1,"featured_media":0,"parent":0,"menu_order":0,"comment_status":"closed","ping_status":"closed","template":"","meta":{"footnotes":""},"class_list":["post-39","page","type-page","status-publish","hentry"],"_links":{"self":[{"href":"https:\/\/burdack-maerkte.de\/index.php?rest_route=\/wp\/v2\/pages\/39","targetHints":{"allow":["GET"]}}],"collection":[{"href":"https:\/\/burdack-maerkte.de\/index.php?rest_route=\/wp\/v2\/pages"}],"about":[{"href":"https:\/\/burdack-maerkte.de\/index.php?rest_route=\/wp\/v2\/types\/page"}],"author":[{"embeddable":true,"href":"https:\/\/burdack-maerkte.de\/index.php?rest_route=\/wp\/v2\/users\/1"}],"replies":[{"embeddable":true,"href":"https:\/\/burdack-maerkte.de\/index.php?rest_route=%2Fwp%2Fv2%2Fcomments&post=39"}],"version-history":[{"count":18,"href":"https:\/\/burdack-maerkte.de\/index.php?rest_route=\/wp\/v2\/pages\/39\/revisions"}],"predecessor-version":[{"id":703,"href":"https:\/\/burdack-maerkte.de\/index.php?rest_route=\/wp\/v2\/pages\/39\/revisions\/703"}],"wp:attachment":[{"href":"https:\/\/burdack-maerkte.de\/index.php?rest_route=%2Fwp%2Fv2%2Fmedia&parent=39"}],"curies":[{"name":"wp","href":"https:\/\/api.w.org\/{rel}","templated":true}]}}