{"id":20,"date":"2018-09-07T10:35:47","date_gmt":"2018-09-07T10:35:47","guid":{"rendered":"https:\/\/burdack-maerkte.de\/wordpress\/?page_id=20"},"modified":"2020-01-20T17:37:05","modified_gmt":"2020-01-20T17:37:05","slug":"kontaktaufnahme","status":"publish","type":"page","link":"https:\/\/burdack-maerkte.de\/?page_id=20","title":{"rendered":"Kontaktaufnahme"},"content":{"rendered":"\n<p class=\"div2\" >\n\n\n\n                                <table cellspacing=\"0\" cellpadding=\"10\" height=\"120\" border=\"0\" width=\"473\" valign=\"top\" align=\"center\">\n\n                                        <tr><td colspan=\"2\"><p id=\"rundrum2\"><strong>Informationen \/ Telefonisch bestellen<\/strong><\/p><\/td><\/tr>\n\n\n<tr><td class=\"blau\" width=\"40%\" valign=\"top\">Bestellhotline:         <\/td><td class=\"blau\" valign=\"top\">                030\/ 24 35 85 10<br><\/td><\/tr>\n\n\n<tr><td width=\"40%\" valign=\"top\">Montag &#038; Dienstag:                 <\/td><td valign=\"top\">                Ruhetag<\/td><\/tr>\n<tr><td width=\"40%\" valign=\"top\">Mittwoch bis Freitag:                 <\/td><td valign=\"top\">               14.00 &#8211; 18.00 Uhr<\/td><\/tr>\n\n\n                                <\/table>\n\n                                <\/p>\n\n                        <\/td><\/tr>\n\n                       <tr><td valign=\"top\" >\n\n                                <p class=\"div2\" >\n\n\n\n                                <table cellspacing=\"0\" cellpadding=\"10\"  border=\"0\" width=\"473\" valign=\"top\" align=\"center\">\n\n                                        <tr><td colspan=\"2\"><p id=\"rundrum2\"><strong>Vorort reservieren &#038; bezahlen<\/strong><\/p><\/td><\/tr>\n\n                                        <tr><td width=\"40%\" valign=\"top\">Samstag:                <\/td><td valign=\"top\">                ca. 10.15 &#8211; 15.30 Uhr<\/td><\/tr>\n                                        <tr><td width=\"40%\" valign=\"top\">Sonntag:                 <\/td><td valign=\"top\">               ca. 10.15 &#8211; 15.30 Uhr<br><br><\/td><\/tr>\n\n\n                                <\/table>\n\n                                <\/p>\n\n                        <\/td><\/tr>\n\n                        <tr><td valign=\"top\" >\n\n                                <p class=\"div2\" >\n\n\n\n                                <table cellspacing=\"0\" cellpadding=\"10\"  border=\"0\" width=\"473\" valign=\"top\" align=\"center\">\n\n                                        <tr><td colspan=\"2\"><p id=\"rundrum2\"><strong>Online bestellen<\/strong><\/p><\/td><\/tr>\n\n\n                                        <tr><td>\u00dcber das <a href=\"http:\/\/hwar67e5pbbowp6b.myfritz.net:8080\/onlineBooking\" target=\"_blank\" rel=\"Onlinebuchung noopener noreferrer\"><font color=\"#0000A0\"><b>Online-Bestell-System<\/b><\/font><\/a> (OBS) k\u00f6nnen Sie Ihre Bestellungen per \u00dcberweisung oder Paypal durchf\u00fchren.\n\t\t\t\t\t<\/td><\/tr>\n\n\n\n                                <\/table>\n\n                                <\/p>\n\n                        <\/td><\/tr>\n                        <tr><td valign=\"top\" >\n\n                                <p class=\"div2\" >\n\n\n\n                                <table cellspacing=\"0\" cellpadding=\"10\"  border=\"0\" width=\"473\" valign=\"top\" align=\"center\">\n\n                                        <tr><td colspan=\"2\"><p id=\"rundrum2\"><strong>Stornieren<\/strong><\/p><\/td><\/tr>\n\n\n                                        <tr><td>\n<b>1.<\/b><br>\n&nbsp;<b>a)<\/b> Umbuchungen und Absagen sind bis sp\u00e4testens 8 Tage vor dem Veranstaltungswochenende kostenfrei.\n\n\n<br><br>\n&nbsp;<b>b)<\/b> Bei Umbuchung bis Mittwoch 18.00 Uhr wird eine Aufwandsentsch\u00e4digung in H\u00f6he von %50 erhoben.\n\n<br><br>\n&nbsp;<b>c)<\/b> Bei Umbuchung bis Freitag 18.00 Uhr wird eine Aufwandsentsch\u00e4digung in H\u00f6he von %80 erhoben.\n\n<br><br>\n&nbsp;<b>d)<\/b> Bei <b>Nichterscheinen<\/b> wird die gesamte Standmiete je Stand mit gebuchter Zusatzleistung f\u00e4llig.\n\n<br><br>\n<b>2.<\/b><br>Anderweitige Regelungen bei Sonder\u00f6ffnungstagen finden Sie in unseren <a href=\"https:\/\/burdack-maerkte.de\/wordpress\/index.php\/agb\/\" target=\"_self\" rel=\"noopener noreferrer\"><font color=\"#0000A0\">AGBs<\/font><\/a>. \n\n                                        <\/td><\/tr>\n\n                                <\/table>\n\n                                <\/p>\n\n                        <\/td><\/tr>\n\n<tr><td valign=\"top\" >\n\n                                <p class=\"div2\" >\n\n\n\n                                <table cellspacing=\"0\" cellpadding=\"10\" height=\"120\" border=\"0\" width=\"473\" valign=\"top\" align=\"center\">\n\n                                        <tr><td colspan=\"2\"><p id=\"rundrum2\"><strong>Wichtige Rufnummern<\/strong><\/p><\/td><\/tr>\n\n<tr><td width=\"40%\" valign=\"top\">FAX:     <\/td><td valign=\"top\">                030\/ 24 35 85 11<br> <\/td><\/tr>\n\n<tr><td width=\"40%\" valign=\"top\">Information &#038; Bestellung:     <\/td><td valign=\"top\">                030\/ 24 35 85 10<br> <\/td><\/tr>\n\n<tr><td width=\"40%\" valign=\"top\">&nbsp;          <\/td><td valign=\"top\">                <a href=\"mailto:info@burdack-maerkte.de\">info@burdack-maerkte.de<\/a><br>\n\t\t\t\t\t\t\t\t\t\t\t<a href=\"mailto:bestellung@burdack-maerkte.de\">bestellung@burdack-maerkte.de<\/a><\/td><\/tr>\n\n\n<tr><td width=\"40%\" valign=\"top\">Marktbetreiber: <br>(Keine Anmeldung \/ Keine Stornierung)             <\/td><td valign=\"top\">                <a href=\"mailto:andre.burdack@burdack-maerkte.de\">andre.burdack@burdack-maerkte.de<\/a><\/td><\/tr>\n\n\n<tr><td width=\"40%\" valign=\"top\">&nbsp; <\/td><td valign=\"top\"> &nbsp; <br><br><\/td><\/tr>\n\n                                <\/table>\n\n                                <\/p>\n","protected":false},"excerpt":{"rendered":"<p>Informationen \/ Telefonisch bestellen Bestellhotline: 030\/ 24 35 85 10 Montag &#038; Dienstag: Ruhetag Mittwoch bis Freitag: 14.00 &#8211; 18.00 Uhr Vorort reservieren &#038; bezahlen Samstag: ca. 10.15 &#8211; 15.30 Uhr Sonntag: ca. 10.15 &#8211; 15.30 Uhr Online bestellen \u00dcber &hellip; <a href=\"https:\/\/burdack-maerkte.de\/?page_id=20\">Weiterlesen <span class=\"meta-nav\">&rarr;<\/span><\/a><\/p>\n","protected":false},"author":1,"featured_media":0,"parent":0,"menu_order":0,"comment_status":"closed","ping_status":"closed","template":"","meta":{"footnotes":""},"class_list":["post-20","page","type-page","status-publish","hentry"],"_links":{"self":[{"href":"https:\/\/burdack-maerkte.de\/index.php?rest_route=\/wp\/v2\/pages\/20","targetHints":{"allow":["GET"]}}],"collection":[{"href":"https:\/\/burdack-maerkte.de\/index.php?rest_route=\/wp\/v2\/pages"}],"about":[{"href":"https:\/\/burdack-maerkte.de\/index.php?rest_route=\/wp\/v2\/types\/page"}],"author":[{"embeddable":true,"href":"https:\/\/burdack-maerkte.de\/index.php?rest_route=\/wp\/v2\/users\/1"}],"replies":[{"embeddable":true,"href":"https:\/\/burdack-maerkte.de\/index.php?rest_route=%2Fwp%2Fv2%2Fcomments&post=20"}],"version-history":[{"count":6,"href":"https:\/\/burdack-maerkte.de\/index.php?rest_route=\/wp\/v2\/pages\/20\/revisions"}],"predecessor-version":[{"id":179,"href":"https:\/\/burdack-maerkte.de\/index.php?rest_route=\/wp\/v2\/pages\/20\/revisions\/179"}],"wp:attachment":[{"href":"https:\/\/burdack-maerkte.de\/index.php?rest_route=%2Fwp%2Fv2%2Fmedia&parent=20"}],"curies":[{"name":"wp","href":"https:\/\/api.w.org\/{rel}","templated":true}]}}